{"id":8354,"date":"2018-07-20T23:44:40","date_gmt":"2018-07-20T23:44:40","guid":{"rendered":"https:\/\/ceowatermandate.org\/integrity2\/?page_id=8354"},"modified":"2021-01-14T18:52:06","modified_gmt":"2021-01-14T18:52:06","slug":"about","status":"publish","type":"page","link":"https:\/\/ceowatermandate.org\/enterprise-water-targets-2\/about\/","title":{"rendered":"About"},"content":{"rendered":"<div class=\"wpb-content-wrapper\">[vc_row][vc_column]<div class=\"thim-widget-heading\"><div class=\"sc_heading   \"><h3 class=\"title\">Project Team<\/h3><span style=\"background-color:#d1d1d1\" class=\"line\"><\/span><\/div><\/div>[vc_row_inner content_placement=&#8221;middle&#8221; gap=&#8221;35&#8243;][vc_column_inner width=&#8221;1\/4&#8243;][vc_single_image image=&#8221;8814&#8243; img_size=&#8221;full&#8221;][\/vc_column_inner][vc_column_inner width=&#8221;3\/4&#8243;][vc_column_text]<strong>Paul Reig<\/strong><br \/>\n<em>Bluerisk<\/em><br \/>\n<a href=\"mailto:paulreig@blueriskintel.com\">paulreig@blueriskintel.com<\/a>[\/vc_column_text][\/vc_column_inner][\/vc_row_inner][vc_separator][vc_row_inner content_placement=&#8221;middle&#8221; gap=&#8221;35&#8243;][vc_column_inner width=&#8221;1\/4&#8243;][vc_single_image image=&#8221;8804&#8243; img_size=&#8221;full&#8221;][\/vc_column_inner][vc_column_inner width=&#8221;3\/4&#8243;][vc_column_text]\n<div><strong>Samuel Vionnet\u00a0<\/strong><\/div>\n<div><em>Valuing Nature<\/em><br \/>\n<a href=\"https:\/\/www.valuingnature.ch\/\">valuingnature.ch<\/a><\/div>\n[\/vc_column_text][\/vc_column_inner][\/vc_row_inner][\/vc_column][\/vc_row][vc_row][vc_column][vc_separator][\/vc_column][\/vc_row][vc_row][vc_column]<div class=\"thim-widget-heading\"><div class=\"sc_heading   \"><h3 class=\"title\">Support<\/h3><span style=\"background-color:#dbdbdb\" class=\"line\"><\/span><\/div><\/div>[vc_column_text]\n<div class=\"page\" title=\"Page 2\">\n<div class=\"section\">\n<div class=\"layoutArea\">\n<div class=\"column\">\n<p>This work was supported by Nestl\u00e9 Waters, the water division of Nestl\u00e9, a company that endorses the CEO Water Mandate. Tien Shiao and Jason Morrison from the CEO Water Mandate and the Pacific Institute provided constructive advice on substance and structure throughout the guide\u2019s development, as did Micka\u00ebl Cl\u00e9ment and C\u00e9dric Egger from Nestl\u00e9 Waters. The guide was edited by Mary Cadette and designed by Dana Beigel.<\/p>\n<\/div>\n<\/div>\n<\/div>\n<\/div>\n[\/vc_column_text][\/vc_column][\/vc_row][vc_row][vc_column]<div class=\"thim-widget-heading\"><div class=\"sc_heading   \"><h3 class=\"title\">Approach<\/h3><span style=\"background-color:#dbdbdb\" class=\"line\"><\/span><\/div><\/div>[vc_column_text]\n<div class=\"wpb_text_column wpb_content_element \">\n<div class=\"wpb_wrapper\">\n<div class=\"page\" title=\"Page 5\">\n<div class=\"layoutArea\">\n<div class=\"column\">\n<p>Building on information required to apply the AWS Standard framework, this guide helps practitioners apply the steps outlined in the VWBA method to identify and implement activities, measure progress, and make claims toward meeting a water replenishment target in ways that address current and future shared water challenges in local catchments. This guide draws on VWBA to recommend the volumetric water benefit (VWB) as a common metric to measure the outputs of water stewardship activities and track progress in a consistent way across activities, markets, geographies, and businesses.<\/p>\n<\/div>\n<\/div>\n<\/div>\n<\/div>\n<\/div>\n<div class=\"wpb_text_column wpb_content_element \">\n<div class=\"wpb_wrapper\">\n<div class=\"page\" title=\"Page 5\">\n<div class=\"layoutArea\">\n<div class=\"column\">\n<p>This guide follows the three steps of the VWBA method, provides guidance for how to implement each step, and makes recommendations for who should review, validate, and communicate replenishment achievements and progress toward a target.<\/p>\n<p>For each step, the guide provides:<\/p>\n<ul>\n<li>Indication if the information is relevant to a site or to a specific water stewardship activity; yy Prerequisites to completing the step;<\/li>\n<li>Decision trees to help identify action items and know when to move to the next step; and<\/li>\n<li>Required output from each step.<\/li>\n<\/ul>\n<\/div>\n<\/div>\n<\/div>\n<\/div>\n<\/div>\n[\/vc_column_text][\/vc_column][\/vc_row][vc_row][vc_column css=&#8221;.vc_custom_1564772257050{border-top-width: 1px !important;border-bottom-width: 1px !important;border-top-color: #dbdbdb !important;border-top-style: solid !important;border-bottom-color: #dbdbdb !important;border-bottom-style: solid !important;}&#8221;][vc_widget_sidebar title=&#8221;Continue on with this Guide&#8221; sidebar_id=&#8221;thim_sidebar_1564772184&#8243;][\/vc_column][\/vc_row]\n<\/div>","protected":false},"excerpt":{"rendered":"<p>[vc_row][vc_column][vc_row_inner content_placement=&#8221;middle&#8221; gap=&#8221;35&#8243;][vc_column_inner width=&#8221;1\/4&#8243;][vc_single_image image=&#8221;8814&#8243; img_size=&#8221;full&#8221;][\/vc_column_inner][vc_column_inner width=&#8221;3\/4&#8243;][vc_column_text]Paul Reig Bluerisk paulreig@blueriskintel.com[\/vc_column_text][\/vc_column_inner][\/vc_row_inner][vc_separator][vc_row_inner content_placement=&#8221;middle&#8221; gap=&#8221;35&#8243;][vc_column_inner width=&#8221;1\/4&#8243;][vc_single_image image=&#8221;8804&#8243; img_size=&#8221;full&#8221;][\/vc_column_inner][vc_column_inner width=&#8221;3\/4&#8243;][vc_column_text] Samuel Vionnet\u00a0 Valuing Nature valuingnature.ch [\/vc_column_text][\/vc_column_inner][\/vc_row_inner][\/vc_column][\/vc_row][vc_row][vc_column][vc_separator][\/vc_column][\/vc_row][vc_row][vc_column][vc_column_text] This work was supported by Nestl\u00e9 Waters, the water division of Nestl\u00e9, a company that endorses the CEO &hellip; <\/p>\n","protected":false},"author":1,"featured_media":0,"parent":0,"menu_order":1,"comment_status":"closed","ping_status":"closed","template":"","meta":{"footnotes":""},"coauthors":[655],"_links":{"self":[{"href":"https:\/\/ceowatermandate.org\/enterprise-water-targets-2\/wp-json\/wp\/v2\/pages\/8354"}],"collection":[{"href":"https:\/\/ceowatermandate.org\/enterprise-water-targets-2\/wp-json\/wp\/v2\/pages"}],"about":[{"href":"https:\/\/ceowatermandate.org\/enterprise-water-targets-2\/wp-json\/wp\/v2\/types\/page"}],"author":[{"embeddable":true,"href":"https:\/\/ceowatermandate.org\/enterprise-water-targets-2\/wp-json\/wp\/v2\/users\/1"}],"replies":[{"embeddable":true,"href":"https:\/\/ceowatermandate.org\/enterprise-water-targets-2\/wp-json\/wp\/v2\/comments?post=8354"}],"version-history":[{"count":19,"href":"https:\/\/ceowatermandate.org\/enterprise-water-targets-2\/wp-json\/wp\/v2\/pages\/8354\/revisions"}],"predecessor-version":[{"id":8950,"href":"https:\/\/ceowatermandate.org\/enterprise-water-targets-2\/wp-json\/wp\/v2\/pages\/8354\/revisions\/8950"}],"wp:attachment":[{"href":"https:\/\/ceowatermandate.org\/enterprise-water-targets-2\/wp-json\/wp\/v2\/media?parent=8354"}],"wp:term":[{"taxonomy":"author","embeddable":true,"href":"https:\/\/ceowatermandate.org\/enterprise-water-targets-2\/wp-json\/wp\/v2\/coauthors?post=8354"}],"curies":[{"name":"wp","href":"https:\/\/api.w.org\/{rel}","templated":true}]}}