{"id":188,"date":"2015-08-19T01:32:54","date_gmt":"2015-08-19T01:32:54","guid":{"rendered":"http:\/\/ceowatermandate.org\/accounting\/?page_id=188"},"modified":"2016-02-03T20:55:24","modified_gmt":"2016-02-03T20:55:24","slug":"works-cited","status":"publish","type":"page","link":"https:\/\/ceowatermandate.org\/accounting\/works-cited\/","title":{"rendered":"Works Cited"},"content":{"rendered":"<p>&nbsp;<br \/>\nBoffi, Anne-Leonore. \u201cWorld Business Council for Sustainable Development.\u201d E-mail correspondence. 11 Jan. 2010.<\/p>\n<p>Chenoweth, Jonathan. \u201cA re-assessment of indicators of national water scarcity.\u201d Water International 33.1 (2008): 5-18.<\/p>\n<p>Ecosystems and human well-being synthesis. Washington, DC: Island, 2005. Millennium<\/p>\n<p>Ecosystem Assessment, 2005. Web. 19 Oct. 2009.<br \/>\n<<a href=\"http:\/\/www.millenniumassessment.org\/documents\/document.356.aspx.pdf\">http:\/\/www.millenniumassessment.org\/documents\/document.356.aspx.pdf<\/a>><\/p>\n<p>\u201cFrequently Asked Questions.\u201d Global Footprint Network :: HOME &#8211; Ecological Footprint &#8211; Ecological Sustainability. Web. 02 Nov. 2009. <<a href=\"http:\/\/www.footprintnetwork.org\/en\/index.php\/GFN\/page\/frequently_asked_questions\/#gen1\">http:\/\/www.footprintnetwork.org\/en\/index.php\/GFN\/page\/frequently_asked_questions\/#gen1<\/a>>.<\/p>\n<p>Frischknecht, Rolf, Roland Steiner, Braunschweig Arthur, Egli Norbert, and Hildesheimer Gabi. Rep. ESU-services Ltd., 2006. Web. 23 Oct. 2009. <<a href=\"http:\/\/www.esu-services.ch\/cms\/fileadmin\/download\/Frischknecht-2006-EcologicalScarcity-Paper.pdf\">http:\/\/www.esu-services.ch\/cms\/fileadmin\/download\/Frischknecht-2006-EcologicalScarcity-Paper.pdf<\/a>>.<\/p>\n<p>Grant, David. \u201cSABMiller.\u201d E-mail correspondence. 14 Jan. 2010.<\/p>\n<p>Humbert, Sebastien. \u201cQuantis.\u201d E-mail correspondence. 12 Jan. 2010.<\/p>\n<p>JPMorgan 2008. Watching water: A guide to evaluating corporate risks in a thirsty world. Global Equity Research 01 April 2008. <<a href=\"http:\/\/pdf.wri.org\/jpmorgan_watching_water.pdf\">http:\/\/pdf.wri.org\/jpmorgan_watching_water.pdf<\/a>>.<\/p>\n<p>Kounina, A., Review of methods addressing water in life cycle assessment. In Life Cycle Assessment IX, Boston, Massachusetts, USA, October 2009; pp 108-109. <<a href=\"http:\/\/www.lcacenter.org\/LCA9\/index.html\">www.lcacenter.org\/LCA9\/index.html<\/a>>.<\/p>\n<p>\u201cMajority of world population face water shortages unless action taken, warns Migiro.\u201d UN News Centre. United Nations, 5 Feb. 2009. Web. 22 Oct. 2009. <<a href=\"http:\/\/www.un.org\/apps\/news\/story.asp?NewsID=29796&#038;Cr=water&#038;Cr1=agriculture\">http:\/\/www.un.org\/apps\/news\/story.asp?NewsID=29796&#038;Cr=water&#038;Cr1=agriculture<\/a>>.<\/p>\n<p>Mil\u00e0 i Canals, Lloren\u00e7, Jonathan Chenoweth, Ashok Chapagain, Stuart Orr, Assumpci\u00f3 Ant\u00f3n,<br \/>\nand Roland Clift. \u201cAssessing freshwater use impacts in LCA: Part I\u2014inventory modelling and characterisation factors for the main impact pathways.\u201d The International Journal of Life Cycle Assessment 14.1 (2009): 28-42. 9 Sept. 2008. Web. 14 Oct. 2009. <<a href=\"http:\/\/www.springerlink.com\/content\/a7w38k8086q01851\/\">http:\/\/www.springerlink.com\/content\/a7w38k8086q01851\/<\/a>>.<\/p>\n<p>Mil\u00e0 i Canals, Lloren\u00e7. \u201cUnilever.\u201d E-mail correspondence. 14 Jan. 2010.<\/p>\n<p>Molle, Fran\u00e7ois, and Peter Mollinga. \u201cWater poverty indicators: conceptual problems and policy issues.\u201d Water Policy 5 (2003): 529-44.<\/p>\n<p>Morrison, Jason and Peter Schulte. \u201cWater Disclosure 2.0: Assessment of Current and Emerging Practice in Corporate Water Reporting\u201d. Pacific Institute, Mar. 2009. <<a href=\"http:\/\/www.unglobalcompact.org\/docs\/news_events\/9.1_news_ archives\/2009_03_11\/Water_Disclosure.pdf\">http:\/\/www.unglobalcompact.org\/docs\/news_events\/9.1_news_ archives\/2009_03_11\/Water_Disclosure.pdf<\/a>>.<\/p>\n<p>Pfister, Stephan, Annette Koehler, and Stefanie Hellweg. &#8220;Assessing the Environmental Impacts<br \/>\nof Freshwater Consumption in LCA.\u201c Environmental Science &#038; Technology 43.11 (2009): 4098-104. 23 Apr. 2009. Web. 14 Oct. 2009. <<a href=\"http:\/\/pubs.acs.org\/doi\/pdf\/10.1021\/es802423e?cookieSet=1\">http:\/\/pubs.acs.org\/doi\/pdf\/10.1021\/es802423e?cookieSet=1<\/a>>.<\/p>\n<p>Ridoutt, B.G., S.J. Eady, J. Sellahewa, L. Simons, and R. Bektash. \u201cWater footprinting at the product brand level: case study and future challenges.\u201d Journal of Cleaner Production 17.13 (2009): 1228-235. Sept. 2009. Web. 12 Oct. 2009.<\/p>\n<p>Ridoutt, B.G., and Stephan Pfister. \u201cA revised approach to water footprinting to make transparent the impacts of consumption and production on global freshwater scarcity.\u201d Global EnvironmentalChange 20 (2010): 113-20.<\/p>\n<p>Van De Wijs, Peter Paul. \u201cDow Chemical.\u201d E-mail correspondence. 19 Jan. 2010.<\/p>\n<p>Zarate, Erika. \u201cWater Footprint Network.\u201d E-mail correspondence. 22 Jan. 2010.<\/p>\n","protected":false},"excerpt":{"rendered":"<p>&nbsp; Boffi, Anne-Leonore. \u201cWorld Business Council for Sustainable Development.\u201d E-mail correspondence. 11 Jan. 2010. Chenoweth, Jonathan. \u201cA re-assessment of indicators of national water scarcity.\u201d Water International 33.1 (2008): 5-18. Ecosystems [&hellip;]<\/p>\n","protected":false},"author":9,"featured_media":0,"parent":0,"menu_order":6,"comment_status":"open","ping_status":"open","template":"","meta":{"footnotes":""},"coauthors":[],"_links":{"self":[{"href":"https:\/\/ceowatermandate.org\/accounting\/wp-json\/wp\/v2\/pages\/188"}],"collection":[{"href":"https:\/\/ceowatermandate.org\/accounting\/wp-json\/wp\/v2\/pages"}],"about":[{"href":"https:\/\/ceowatermandate.org\/accounting\/wp-json\/wp\/v2\/types\/page"}],"author":[{"embeddable":true,"href":"https:\/\/ceowatermandate.org\/accounting\/wp-json\/wp\/v2\/users\/9"}],"replies":[{"embeddable":true,"href":"https:\/\/ceowatermandate.org\/accounting\/wp-json\/wp\/v2\/comments?post=188"}],"version-history":[{"count":0,"href":"https:\/\/ceowatermandate.org\/accounting\/wp-json\/wp\/v2\/pages\/188\/revisions"}],"wp:attachment":[{"href":"https:\/\/ceowatermandate.org\/accounting\/wp-json\/wp\/v2\/media?parent=188"}],"wp:term":[{"taxonomy":"author","embeddable":true,"href":"https:\/\/ceowatermandate.org\/accounting\/wp-json\/wp\/v2\/coauthors?post=188"}],"curies":[{"name":"wp","href":"https:\/\/api.w.org\/{rel}","templated":true}]}}